{"id":379,"date":"2024-07-31T16:27:38","date_gmt":"2024-07-31T16:27:38","guid":{"rendered":"https:\/\/digitalmunich.webcomplete.io\/datenschutzbestimmungen\/"},"modified":"2024-08-05T12:44:39","modified_gmt":"2024-08-05T12:44:39","slug":"datenschutzbestimmungen","status":"publish","type":"page","link":"https:\/\/digitalmunich.webcomplete.io\/de\/datenschutzbestimmungen\/","title":{"rendered":"Datenschutzbestimmungen"},"content":{"rendered":"\t\t<div data-elementor-type=\"wp-page\" data-elementor-id=\"379\" class=\"elementor elementor-379 elementor-322\" data-elementor-post-type=\"page\">\n\t\t\t\t<div class=\"elementor-element elementor-element-754e8c0c e-flex e-con-boxed e-con e-parent\" data-id=\"754e8c0c\" data-element_type=\"container\">\n\t\t\t\t\t<div class=\"e-con-inner\">\n\t\t<div class=\"elementor-element elementor-element-40aff197 e-con-full e-flex e-con e-child\" data-id=\"40aff197\" data-element_type=\"container\">\n\t\t\t\t<div class=\"elementor-element elementor-element-7af33f6f elementor-invisible elementor-widget elementor-widget-heading\" data-id=\"7af33f6f\" data-element_type=\"widget\" data-settings=\"{&quot;_animation&quot;:&quot;fadeInUp&quot;}\" data-widget_type=\"heading.default\">\n\t\t\t\t<div class=\"elementor-widget-container\">\n\t\t\t<style>\/*! elementor - v3.23.0 - 05-08-2024 *\/\n.elementor-heading-title{padding:0;margin:0;line-height:1}.elementor-widget-heading .elementor-heading-title[class*=elementor-size-]>a{color:inherit;font-size:inherit;line-height:inherit}.elementor-widget-heading .elementor-heading-title.elementor-size-small{font-size:15px}.elementor-widget-heading .elementor-heading-title.elementor-size-medium{font-size:19px}.elementor-widget-heading .elementor-heading-title.elementor-size-large{font-size:29px}.elementor-widget-heading .elementor-heading-title.elementor-size-xl{font-size:39px}.elementor-widget-heading .elementor-heading-title.elementor-size-xxl{font-size:59px}<\/style><h2 class=\"elementor-heading-title elementor-size-default\">Datenschutzbestimmungen<\/h2>\t\t<\/div>\n\t\t\t\t<\/div>\n\t\t\t\t<div class=\"elementor-element elementor-element-6ce48b15 elementor-widget-mobile__width-inherit elementor-invisible elementor-widget elementor-widget-text-editor\" data-id=\"6ce48b15\" data-element_type=\"widget\" data-settings=\"{&quot;_animation&quot;:&quot;fadeInUp&quot;}\" data-widget_type=\"text-editor.default\">\n\t\t\t\t<div class=\"elementor-widget-container\">\n\t\t\t<style>\/*! elementor - v3.23.0 - 05-08-2024 *\/\n.elementor-widget-text-editor.elementor-drop-cap-view-stacked .elementor-drop-cap{background-color:#69727d;color:#fff}.elementor-widget-text-editor.elementor-drop-cap-view-framed .elementor-drop-cap{color:#69727d;border:3px solid;background-color:transparent}.elementor-widget-text-editor:not(.elementor-drop-cap-view-default) .elementor-drop-cap{margin-top:8px}.elementor-widget-text-editor:not(.elementor-drop-cap-view-default) .elementor-drop-cap-letter{width:1em;height:1em}.elementor-widget-text-editor .elementor-drop-cap{float:left;text-align:center;line-height:1;font-size:50px}.elementor-widget-text-editor .elementor-drop-cap-letter{display:inline-block}<\/style>\t\t\t\t<p>Digital Munich Tech GmbH betreibt die Websites <a href=\"http:\/\/www.digitalmunich.com\">http:\/\/www.digitalmunich.com<\/a> und <a href=\"http:\/\/www.digitalmunich.de\">http:\/\/www.digitalmunich.de<\/a>, die den SERVICE bereitstellen.<\/p>\n<p>Diese Seite dient dazu, Website-Besucher \u00fcber unsere Richtlinien bez\u00fcglich der Sammlung, Verwendung und Weitergabe von pers\u00f6nlichen Daten zu informieren, falls sich jemand dazu entschlie\u00dft, unseren Service, die Website der Digital Munich Tech GmbH, zu nutzen.<\/p>\n<p>Wenn Sie sich daf\u00fcr entscheiden, unseren Service zu nutzen, erkl\u00e4ren Sie sich mit der Erfassung und Verwendung von Informationen im Zusammenhang mit dieser Richtlinie einverstanden.<br \/>\nDie von uns erfassten pers\u00f6nlichen Daten werden f\u00fcr die Bereitstellung und Verbesserung des Service verwendet.<br \/>\nWir werden Ihre Informationen nur wie in dieser Datenschutzrichtlinie beschrieben verwenden oder weitergeben.  <\/p>\n<p>Die in dieser Datenschutzerkl\u00e4rung verwendeten Begriffe haben dieselbe Bedeutung wie in unseren Allgemeinen Gesch\u00e4ftsbedingungen, die Sie unter <a href=\"http:\/\/www.digitalmunich.com\">http:\/\/www.digitalmunich.com einsehen k\u00f6nnen,<\/a> sofern in dieser Datenschutzerkl\u00e4rung nicht anders definiert.<\/p>\n\t\t\t\t\t\t<\/div>\n\t\t\t\t<\/div>\n\t\t<div class=\"elementor-element elementor-element-355f0baa e-flex e-con-boxed e-con e-child\" data-id=\"355f0baa\" data-element_type=\"container\">\n\t\t\t\t\t<div class=\"e-con-inner\">\n\t\t<div class=\"elementor-element elementor-element-19b92f4f e-flex e-con-boxed e-con e-child\" data-id=\"19b92f4f\" data-element_type=\"container\">\n\t\t\t\t\t<div class=\"e-con-inner\">\n\t\t\t\t<div class=\"elementor-element elementor-element-4e0bb989 elementor-invisible elementor-widget elementor-widget-heading\" data-id=\"4e0bb989\" data-element_type=\"widget\" data-settings=\"{&quot;_animation&quot;:&quot;fadeInUp&quot;}\" data-widget_type=\"heading.default\">\n\t\t\t\t<div class=\"elementor-widget-container\">\n\t\t\t<h5 class=\"elementor-heading-title elementor-size-default\">Sammlung und Verwendung von Informationen<\/h5>\t\t<\/div>\n\t\t\t\t<\/div>\n\t\t\t\t<div class=\"elementor-element elementor-element-3d071fe7 elementor-widget-mobile__width-inherit elementor-invisible elementor-widget elementor-widget-text-editor\" data-id=\"3d071fe7\" data-element_type=\"widget\" data-settings=\"{&quot;_animation&quot;:&quot;fadeInUp&quot;}\" data-widget_type=\"text-editor.default\">\n\t\t\t\t<div class=\"elementor-widget-container\">\n\t\t\t\t\t\t\t<p>Um Ihnen die Nutzung unseres Dienstes zu erleichtern, bitten wir Sie m\u00f6glicherweise, uns bestimmte personenbezogene Daten mitzuteilen, einschlie\u00dflich, aber nicht beschr\u00e4nkt auf Ihren Namen, Ihre Telefonnummer und Ihre Postanschrift.<br \/>\nDie von uns erfassten Informationen werden verwendet, um Sie zu kontaktieren oder zu identifizieren. <\/p>\n\t\t\t\t\t\t<\/div>\n\t\t\t\t<\/div>\n\t\t\t\t<div class=\"elementor-element elementor-element-e8081ed elementor-invisible elementor-widget elementor-widget-heading\" data-id=\"e8081ed\" data-element_type=\"widget\" data-settings=\"{&quot;_animation&quot;:&quot;fadeInUp&quot;}\" data-widget_type=\"heading.default\">\n\t\t\t\t<div class=\"elementor-widget-container\">\n\t\t\t<h5 class=\"elementor-heading-title elementor-size-default\">Protokolldaten<\/h5>\t\t<\/div>\n\t\t\t\t<\/div>\n\t\t\t\t<div class=\"elementor-element elementor-element-9cc612f elementor-widget-mobile__width-inherit elementor-invisible elementor-widget elementor-widget-text-editor\" data-id=\"9cc612f\" data-element_type=\"widget\" data-settings=\"{&quot;_animation&quot;:&quot;fadeInUp&quot;}\" data-widget_type=\"text-editor.default\">\n\t\t\t\t<div class=\"elementor-widget-container\">\n\t\t\t\t\t\t\t<p>Wir m\u00f6chten Sie dar\u00fcber informieren, dass wir jedes Mal, wenn Sie unseren Service besuchen, Informationen sammeln, die Ihr Browser an uns sendet und die als Protokolldaten bezeichnet werden.<br \/>\nDiese Protokolldaten k\u00f6nnen Informationen wie die Internetprotokolladresse (&#8222;IP&#8220;) Ihres Computers, die Browserversion, die von Ihnen besuchten Seiten unseres Dienstes, die Uhrzeit und das Datum Ihres Besuchs, die auf diesen Seiten verbrachte Zeit und andere Statistiken enthalten. <\/p>\n\t\t\t\t\t\t<\/div>\n\t\t\t\t<\/div>\n\t\t\t\t<div class=\"elementor-element elementor-element-b9a0e77 elementor-invisible elementor-widget elementor-widget-heading\" data-id=\"b9a0e77\" data-element_type=\"widget\" data-settings=\"{&quot;_animation&quot;:&quot;fadeInUp&quot;}\" data-widget_type=\"heading.default\">\n\t\t\t\t<div class=\"elementor-widget-container\">\n\t\t\t<h5 class=\"elementor-heading-title elementor-size-default\">Cookies<\/h5>\t\t<\/div>\n\t\t\t\t<\/div>\n\t\t\t\t<div class=\"elementor-element elementor-element-f7dc385 elementor-widget-mobile__width-inherit elementor-invisible elementor-widget elementor-widget-text-editor\" data-id=\"f7dc385\" data-element_type=\"widget\" data-settings=\"{&quot;_animation&quot;:&quot;fadeInUp&quot;}\" data-widget_type=\"text-editor.default\">\n\t\t\t\t<div class=\"elementor-widget-container\">\n\t\t\t\t\t\t\t<p>Cookies sind Dateien mit kleinen Datenmengen, die in der Regel als anonyme eindeutige Kennung verwendet werden.<br \/>\nDiese werden von der Website, die Sie besuchen, an Ihren Browser gesendet und auf der Festplatte Ihres Computers gespeichert. <\/p>\n<p>Unsere Website verwendet diese &#8222;Cookies&#8220;, um Informationen zu sammeln und unseren Service zu verbessern.<br \/>\nSie haben die M\u00f6glichkeit, diese Cookies entweder zu akzeptieren oder abzulehnen und zu erfahren, wann ein Cookie an Ihren Computer gesendet wird.<br \/>\nWenn Sie sich entscheiden, unsere Cookies abzulehnen, k\u00f6nnen Sie m\u00f6glicherweise einige Teile unseres Service nicht nutzen.  <\/p>\n\t\t\t\t\t\t<\/div>\n\t\t\t\t<\/div>\n\t\t\t\t<div class=\"elementor-element elementor-element-a97f93c elementor-invisible elementor-widget elementor-widget-heading\" data-id=\"a97f93c\" data-element_type=\"widget\" data-settings=\"{&quot;_animation&quot;:&quot;fadeInUp&quot;}\" data-widget_type=\"heading.default\">\n\t\t\t\t<div class=\"elementor-widget-container\">\n\t\t\t<h5 class=\"elementor-heading-title elementor-size-default\">Anbieter von Dienstleistungen  <\/h5>\t\t<\/div>\n\t\t\t\t<\/div>\n\t\t\t\t<div class=\"elementor-element elementor-element-296ded3 elementor-widget-mobile__width-inherit elementor-invisible elementor-widget elementor-widget-text-editor\" data-id=\"296ded3\" data-element_type=\"widget\" data-settings=\"{&quot;_animation&quot;:&quot;fadeInUp&quot;}\" data-widget_type=\"text-editor.default\">\n\t\t\t\t<div class=\"elementor-widget-container\">\n\t\t\t\t\t\t\t<p>Wir k\u00f6nnen aus den folgenden Gr\u00fcnden Drittunternehmen und Einzelpersonen besch\u00e4ftigen:<\/p>\n<ul>\n<li>Um unseren Service zu erleichtern;<\/li>\n<li>Um den Service in unserem Namen bereitzustellen;<\/li>\n<li>Um Service-bezogene Dienstleistungen zu erbringen; oder<\/li>\n<li>Um uns bei der Analyse der Nutzung unseres Service zu unterst\u00fctzen.\n<\/li>\n<\/ul>\n<p>Wir m\u00f6chten unsere Service-Nutzer dar\u00fcber informieren, dass diese Dritten Zugang zu Ihren pers\u00f6nlichen Daten haben.<br \/>\nDer Grund daf\u00fcr ist, dass sie die ihnen \u00fcbertragenen Aufgaben in unserem Namen ausf\u00fchren.<br \/>\nSie sind jedoch verpflichtet, die Informationen nicht weiterzugeben oder f\u00fcr andere Zwecke zu verwenden.  <\/p>\n\t\t\t\t\t\t<\/div>\n\t\t\t\t<\/div>\n\t\t\t\t<div class=\"elementor-element elementor-element-7895590 elementor-invisible elementor-widget elementor-widget-heading\" data-id=\"7895590\" data-element_type=\"widget\" data-settings=\"{&quot;_animation&quot;:&quot;fadeInUp&quot;}\" data-widget_type=\"heading.default\">\n\t\t\t\t<div class=\"elementor-widget-container\">\n\t\t\t<h5 class=\"elementor-heading-title elementor-size-default\">Sicherheit<\/h5>\t\t<\/div>\n\t\t\t\t<\/div>\n\t\t\t\t<div class=\"elementor-element elementor-element-176e482 elementor-widget-mobile__width-inherit elementor-invisible elementor-widget elementor-widget-text-editor\" data-id=\"176e482\" data-element_type=\"widget\" data-settings=\"{&quot;_animation&quot;:&quot;fadeInUp&quot;}\" data-widget_type=\"text-editor.default\">\n\t\t\t\t<div class=\"elementor-widget-container\">\n\t\t\t\t\t\t\t<p>Wir wissen es zu sch\u00e4tzen, dass Sie uns Ihre pers\u00f6nlichen Daten anvertrauen, und bem\u00fchen uns daher, sie mit kommerziell akzeptablen Mitteln zu sch\u00fctzen.<br \/>\nDenken Sie jedoch daran, dass keine Methode der \u00dcbertragung \u00fcber das Internet oder der elektronischen Speicherung zu 100 % sicher und zuverl\u00e4ssig ist, und wir k\u00f6nnen keine absolute Sicherheit garantieren. <\/p>\n\t\t\t\t\t\t<\/div>\n\t\t\t\t<\/div>\n\t\t\t\t<div class=\"elementor-element elementor-element-1d6fc66 elementor-invisible elementor-widget elementor-widget-heading\" data-id=\"1d6fc66\" data-element_type=\"widget\" data-settings=\"{&quot;_animation&quot;:&quot;fadeInUp&quot;}\" data-widget_type=\"heading.default\">\n\t\t\t\t<div class=\"elementor-widget-container\">\n\t\t\t<h5 class=\"elementor-heading-title elementor-size-default\">Links zu anderen Websites<\/h5>\t\t<\/div>\n\t\t\t\t<\/div>\n\t\t\t\t<div class=\"elementor-element elementor-element-1267603 elementor-widget-mobile__width-inherit elementor-invisible elementor-widget elementor-widget-text-editor\" data-id=\"1267603\" data-element_type=\"widget\" data-settings=\"{&quot;_animation&quot;:&quot;fadeInUp&quot;}\" data-widget_type=\"text-editor.default\">\n\t\t\t\t<div class=\"elementor-widget-container\">\n\t\t\t\t\t\t\t<p>Unser Service kann Links zu anderen Websites enthalten.<br \/>\nWenn Sie auf einen Link eines Dritten klicken, werden Sie zu dieser Website weitergeleitet.<br \/>\nBeachten Sie, dass diese externen Websites nicht von uns betrieben werden.<br \/>\nWir raten Ihnen daher dringend, die Datenschutzrichtlinien dieser Websites zu lesen.<br \/>\nWir haben keine Kontrolle \u00fcber und \u00fcbernehmen keine Verantwortung f\u00fcr den Inhalt, die Datenschutzrichtlinien oder die Praktiken von Websites oder Diensten Dritter.    <\/p>\n\t\t\t\t\t\t<\/div>\n\t\t\t\t<\/div>\n\t\t\t\t<div class=\"elementor-element elementor-element-e179be3 elementor-invisible elementor-widget elementor-widget-heading\" data-id=\"e179be3\" data-element_type=\"widget\" data-settings=\"{&quot;_animation&quot;:&quot;fadeInUp&quot;}\" data-widget_type=\"heading.default\">\n\t\t\t\t<div class=\"elementor-widget-container\">\n\t\t\t<h5 class=\"elementor-heading-title elementor-size-default\">Datenschutz f\u00fcr Kinder<\/h5>\t\t<\/div>\n\t\t\t\t<\/div>\n\t\t\t\t<div class=\"elementor-element elementor-element-442fc49 elementor-widget-mobile__width-inherit elementor-invisible elementor-widget elementor-widget-text-editor\" data-id=\"442fc49\" data-element_type=\"widget\" data-settings=\"{&quot;_animation&quot;:&quot;fadeInUp&quot;}\" data-widget_type=\"text-editor.default\">\n\t\t\t\t<div class=\"elementor-widget-container\">\n\t\t\t\t\t\t\t<p>Unsere Dienste richten sich nicht an Personen unter 13 Jahren.<br \/>\nWir sammeln nicht wissentlich personenbezogene Daten von Kindern unter 13 Jahren.<br \/>\nSollten wir feststellen, dass ein Kind unter 13 Jahren uns personenbezogene Daten zur Verf\u00fcgung gestellt hat, l\u00f6schen wir diese sofort von unseren Servern.<br \/>\nWenn Sie ein Elternteil oder Erziehungsberechtigter sind und wissen, dass Ihr Kind uns personenbezogene Daten zur Verf\u00fcgung gestellt hat, kontaktieren Sie uns bitte, damit wir die notwendigen Ma\u00dfnahmen ergreifen k\u00f6nnen.   <\/p>\n\t\t\t\t\t\t<\/div>\n\t\t\t\t<\/div>\n\t\t\t\t<div class=\"elementor-element elementor-element-bd0edad elementor-invisible elementor-widget elementor-widget-heading\" data-id=\"bd0edad\" data-element_type=\"widget\" data-settings=\"{&quot;_animation&quot;:&quot;fadeInUp&quot;}\" data-widget_type=\"heading.default\">\n\t\t\t\t<div class=\"elementor-widget-container\">\n\t\t\t<h5 class=\"elementor-heading-title elementor-size-default\">\u00c4nderungen an dieser Datenschutzrichtlinie<\/h5>\t\t<\/div>\n\t\t\t\t<\/div>\n\t\t\t\t<div class=\"elementor-element elementor-element-e4f16ef elementor-widget-mobile__width-inherit elementor-invisible elementor-widget elementor-widget-text-editor\" data-id=\"e4f16ef\" data-element_type=\"widget\" data-settings=\"{&quot;_animation&quot;:&quot;fadeInUp&quot;}\" data-widget_type=\"text-editor.default\">\n\t\t\t\t<div class=\"elementor-widget-container\">\n\t\t\t\t\t\t\t<p>Wir k\u00f6nnen unsere Datenschutzrichtlinie von Zeit zu Zeit aktualisieren.<br \/>\nWir empfehlen Ihnen daher, diese Seite regelm\u00e4\u00dfig auf \u00c4nderungen zu \u00fcberpr\u00fcfen.<br \/>\nWir werden Sie \u00fcber alle \u00c4nderungen informieren, indem wir die neue Datenschutzrichtlinie auf dieser Seite ver\u00f6ffentlichen.<br \/>\nDiese \u00c4nderungen treten sofort in Kraft, nachdem sie auf dieser Seite ver\u00f6ffentlicht wurden.   <\/p>\n\t\t\t\t\t\t<\/div>\n\t\t\t\t<\/div>\n\t\t\t\t<div class=\"elementor-element elementor-element-844a045 elementor-invisible elementor-widget elementor-widget-heading\" data-id=\"844a045\" data-element_type=\"widget\" data-settings=\"{&quot;_animation&quot;:&quot;fadeInUp&quot;}\" data-widget_type=\"heading.default\">\n\t\t\t\t<div class=\"elementor-widget-container\">\n\t\t\t<h5 class=\"elementor-heading-title elementor-size-default\">Kontaktieren Sie uns<\/h5>\t\t<\/div>\n\t\t\t\t<\/div>\n\t\t\t\t<div class=\"elementor-element elementor-element-3b3d6a6 elementor-widget-mobile__width-inherit elementor-invisible elementor-widget elementor-widget-text-editor\" data-id=\"3b3d6a6\" data-element_type=\"widget\" data-settings=\"{&quot;_animation&quot;:&quot;fadeInUp&quot;}\" data-widget_type=\"text-editor.default\">\n\t\t\t\t<div class=\"elementor-widget-container\">\n\t\t\t\t\t\t\t<p>Wenn Sie Fragen oder Anregungen zu unserer Datenschutzrichtlinie haben, z\u00f6gern Sie nicht, uns zu kontaktieren.<\/p>\n\t\t\t\t\t\t<\/div>\n\t\t\t\t<\/div>\n\t\t\t\t\t<\/div>\n\t\t\t\t<\/div>\n\t\t\t\t\t<\/div>\n\t\t\t\t<\/div>\n\t\t\t\t<\/div>\n\t\t\t\t\t<\/div>\n\t\t\t\t<\/div>\n\t\t<div class=\"elementor-element elementor-element-fba880a e-flex e-con-boxed e-con e-parent\" data-id=\"fba880a\" data-element_type=\"container\">\n\t\t\t\t\t<div class=\"e-con-inner\">\n\t\t\t\t<div class=\"elementor-element elementor-element-ee23ebe elementor-widget-divider--view-line elementor-widget elementor-widget-divider\" data-id=\"ee23ebe\" data-element_type=\"widget\" data-widget_type=\"divider.default\">\n\t\t\t\t<div class=\"elementor-widget-container\">\n\t\t\t<style>\/*! elementor - v3.23.0 - 05-08-2024 *\/\n.elementor-widget-divider{--divider-border-style:none;--divider-border-width:1px;--divider-color:#0c0d0e;--divider-icon-size:20px;--divider-element-spacing:10px;--divider-pattern-height:24px;--divider-pattern-size:20px;--divider-pattern-url:none;--divider-pattern-repeat:repeat-x}.elementor-widget-divider .elementor-divider{display:flex}.elementor-widget-divider .elementor-divider__text{font-size:15px;line-height:1;max-width:95%}.elementor-widget-divider .elementor-divider__element{margin:0 var(--divider-element-spacing);flex-shrink:0}.elementor-widget-divider .elementor-icon{font-size:var(--divider-icon-size)}.elementor-widget-divider .elementor-divider-separator{display:flex;margin:0;direction:ltr}.elementor-widget-divider--view-line_icon .elementor-divider-separator,.elementor-widget-divider--view-line_text .elementor-divider-separator{align-items:center}.elementor-widget-divider--view-line_icon .elementor-divider-separator:after,.elementor-widget-divider--view-line_icon .elementor-divider-separator:before,.elementor-widget-divider--view-line_text .elementor-divider-separator:after,.elementor-widget-divider--view-line_text .elementor-divider-separator:before{display:block;content:\"\";border-block-end:0;flex-grow:1;border-block-start:var(--divider-border-width) var(--divider-border-style) var(--divider-color)}.elementor-widget-divider--element-align-left .elementor-divider .elementor-divider-separator>.elementor-divider__svg:first-of-type{flex-grow:0;flex-shrink:100}.elementor-widget-divider--element-align-left .elementor-divider-separator:before{content:none}.elementor-widget-divider--element-align-left .elementor-divider__element{margin-left:0}.elementor-widget-divider--element-align-right .elementor-divider .elementor-divider-separator>.elementor-divider__svg:last-of-type{flex-grow:0;flex-shrink:100}.elementor-widget-divider--element-align-right .elementor-divider-separator:after{content:none}.elementor-widget-divider--element-align-right .elementor-divider__element{margin-right:0}.elementor-widget-divider--element-align-start .elementor-divider .elementor-divider-separator>.elementor-divider__svg:first-of-type{flex-grow:0;flex-shrink:100}.elementor-widget-divider--element-align-start .elementor-divider-separator:before{content:none}.elementor-widget-divider--element-align-start .elementor-divider__element{margin-inline-start:0}.elementor-widget-divider--element-align-end .elementor-divider .elementor-divider-separator>.elementor-divider__svg:last-of-type{flex-grow:0;flex-shrink:100}.elementor-widget-divider--element-align-end .elementor-divider-separator:after{content:none}.elementor-widget-divider--element-align-end .elementor-divider__element{margin-inline-end:0}.elementor-widget-divider:not(.elementor-widget-divider--view-line_text):not(.elementor-widget-divider--view-line_icon) .elementor-divider-separator{border-block-start:var(--divider-border-width) var(--divider-border-style) var(--divider-color)}.elementor-widget-divider--separator-type-pattern{--divider-border-style:none}.elementor-widget-divider--separator-type-pattern.elementor-widget-divider--view-line .elementor-divider-separator,.elementor-widget-divider--separator-type-pattern:not(.elementor-widget-divider--view-line) .elementor-divider-separator:after,.elementor-widget-divider--separator-type-pattern:not(.elementor-widget-divider--view-line) .elementor-divider-separator:before,.elementor-widget-divider--separator-type-pattern:not([class*=elementor-widget-divider--view]) .elementor-divider-separator{width:100%;min-height:var(--divider-pattern-height);-webkit-mask-size:var(--divider-pattern-size) 100%;mask-size:var(--divider-pattern-size) 100%;-webkit-mask-repeat:var(--divider-pattern-repeat);mask-repeat:var(--divider-pattern-repeat);background-color:var(--divider-color);-webkit-mask-image:var(--divider-pattern-url);mask-image:var(--divider-pattern-url)}.elementor-widget-divider--no-spacing{--divider-pattern-size:auto}.elementor-widget-divider--bg-round{--divider-pattern-repeat:round}.rtl .elementor-widget-divider .elementor-divider__text{direction:rtl}.e-con-inner>.elementor-widget-divider,.e-con>.elementor-widget-divider{width:var(--container-widget-width,100%);--flex-grow:var(--container-widget-flex-grow)}<\/style>\t\t<div class=\"elementor-divider\">\n\t\t\t<span class=\"elementor-divider-separator\">\n\t\t\t\t\t\t<\/span>\n\t\t<\/div>\n\t\t\t\t<\/div>\n\t\t\t\t<\/div>\n\t\t\t\t\t<\/div>\n\t\t\t\t<\/div>\n\t\t\t\t<\/div>\n\t\t","protected":false},"excerpt":{"rendered":"<p>Datenschutzbestimmungen Digital Munich Tech GmbH betreibt die Websites http:\/\/www.digitalmunich.com und http:\/\/www.digitalmunich.de, die den SERVICE bereitstellen. Diese Seite dient dazu, Website-Besucher \u00fcber unsere Richtlinien bez\u00fcglich der Sammlung, Verwendung und Weitergabe von pers\u00f6nlichen Daten zu informieren, falls sich jemand dazu entschlie\u00dft, unseren Service, die Website der Digital Munich Tech GmbH, zu nutzen. Wenn Sie sich daf\u00fcr entscheiden, [&hellip;]<\/p>\n","protected":false},"author":1,"featured_media":0,"parent":0,"menu_order":0,"comment_status":"closed","ping_status":"closed","template":"","meta":{"footnotes":""},"class_list":["post-379","page","type-page","status-publish","hentry"],"_links":{"self":[{"href":"https:\/\/digitalmunich.webcomplete.io\/de\/wp-json\/wp\/v2\/pages\/379"}],"collection":[{"href":"https:\/\/digitalmunich.webcomplete.io\/de\/wp-json\/wp\/v2\/pages"}],"about":[{"href":"https:\/\/digitalmunich.webcomplete.io\/de\/wp-json\/wp\/v2\/types\/page"}],"author":[{"embeddable":true,"href":"https:\/\/digitalmunich.webcomplete.io\/de\/wp-json\/wp\/v2\/users\/1"}],"replies":[{"embeddable":true,"href":"https:\/\/digitalmunich.webcomplete.io\/de\/wp-json\/wp\/v2\/comments?post=379"}],"version-history":[{"count":3,"href":"https:\/\/digitalmunich.webcomplete.io\/de\/wp-json\/wp\/v2\/pages\/379\/revisions"}],"predecessor-version":[{"id":419,"href":"https:\/\/digitalmunich.webcomplete.io\/de\/wp-json\/wp\/v2\/pages\/379\/revisions\/419"}],"wp:attachment":[{"href":"https:\/\/digitalmunich.webcomplete.io\/de\/wp-json\/wp\/v2\/media?parent=379"}],"curies":[{"name":"wp","href":"https:\/\/api.w.org\/{rel}","templated":true}]}}