{"id":383,"date":"2024-07-30T14:25:16","date_gmt":"2024-07-30T14:25:16","guid":{"rendered":"https:\/\/digitalmunich.webcomplete.io\/dienstleistungen\/mixed-reality-loesungen\/himalaya-panorama\/"},"modified":"2024-08-05T10:26:40","modified_gmt":"2024-08-05T10:26:40","slug":"himalaya-panorama","status":"publish","type":"page","link":"https:\/\/digitalmunich.webcomplete.io\/de\/dienstleistungen\/mixed-reality-loesungen\/himalaya-panorama\/","title":{"rendered":"Himalaya-Panorama"},"content":{"rendered":"\t\t<div data-elementor-type=\"wp-page\" data-elementor-id=\"383\" class=\"elementor elementor-383 elementor-299\" data-elementor-post-type=\"page\">\n\t\t\t\t<div class=\"elementor-element elementor-element-11a4d850 e-con-full e-flex elementor-invisible e-con e-parent\" data-id=\"11a4d850\" data-element_type=\"container\" data-settings=\"{&quot;background_background&quot;:&quot;classic&quot;,&quot;animation&quot;:&quot;fadeIn&quot;}\">\n\t\t<div class=\"elementor-element elementor-element-2461baf2 e-con-full e-flex e-con e-child\" data-id=\"2461baf2\" data-element_type=\"container\">\n\t\t\t\t<div class=\"elementor-element elementor-element-6c7235f5 elementor-invisible elementor-widget elementor-widget-heading\" data-id=\"6c7235f5\" data-element_type=\"widget\" data-settings=\"{&quot;_animation&quot;:&quot;fadeInDown&quot;}\" data-widget_type=\"heading.default\">\n\t\t\t\t<div class=\"elementor-widget-container\">\n\t\t\t<style>\/*! elementor - v3.23.0 - 05-08-2024 *\/\n.elementor-heading-title{padding:0;margin:0;line-height:1}.elementor-widget-heading .elementor-heading-title[class*=elementor-size-]>a{color:inherit;font-size:inherit;line-height:inherit}.elementor-widget-heading .elementor-heading-title.elementor-size-small{font-size:15px}.elementor-widget-heading .elementor-heading-title.elementor-size-medium{font-size:19px}.elementor-widget-heading .elementor-heading-title.elementor-size-large{font-size:29px}.elementor-widget-heading .elementor-heading-title.elementor-size-xl{font-size:39px}.elementor-widget-heading .elementor-heading-title.elementor-size-xxl{font-size:59px}<\/style><h1 class=\"elementor-heading-title elementor-size-default\">Himalaya-Panorama<\/h1>\t\t<\/div>\n\t\t\t\t<\/div>\n\t\t\t\t<div class=\"elementor-element elementor-element-59a208f9 elementor-invisible elementor-widget elementor-widget-text-editor\" data-id=\"59a208f9\" data-element_type=\"widget\" data-settings=\"{&quot;_animation&quot;:&quot;fadeInUp&quot;}\" data-widget_type=\"text-editor.default\">\n\t\t\t\t<div class=\"elementor-widget-container\">\n\t\t\t<style>\/*! elementor - v3.23.0 - 05-08-2024 *\/\n.elementor-widget-text-editor.elementor-drop-cap-view-stacked .elementor-drop-cap{background-color:#69727d;color:#fff}.elementor-widget-text-editor.elementor-drop-cap-view-framed .elementor-drop-cap{color:#69727d;border:3px solid;background-color:transparent}.elementor-widget-text-editor:not(.elementor-drop-cap-view-default) .elementor-drop-cap{margin-top:8px}.elementor-widget-text-editor:not(.elementor-drop-cap-view-default) .elementor-drop-cap-letter{width:1em;height:1em}.elementor-widget-text-editor .elementor-drop-cap{float:left;text-align:center;line-height:1;font-size:50px}.elementor-widget-text-editor .elementor-drop-cap-letter{display:inline-block}<\/style>\t\t\t\t<p>Begeben Sie sich auf eine unvergessliche Reise mit dem Himalaya Panorama 360\u00b0, einer virtuellen Tour, die Sie in die atemberaubende Sch\u00f6nheit Nordpakistans eintauchen l\u00e4sst. Diese Simulation verwebt eine Reihe von atemberaubenden Standbildern, die Sie in das Herz des Himalayas entf\u00fchren. Erleben Sie die reiche Geschichte und kulturelle Bedeutung dieser majest\u00e4tischen Region mit Hilfe von Multimedia-Elementen, darunter stimmungsvolle Soundeffekte und mitrei\u00dfende pakistanische Nationallieder.<\/p>\n\t\t\t\t\t\t<\/div>\n\t\t\t\t<\/div>\n\t\t\t\t<\/div>\n\t\t\t\t<\/div>\n\t\t<div class=\"elementor-element elementor-element-24c843ed e-flex e-con-boxed e-con e-parent\" data-id=\"24c843ed\" data-element_type=\"container\">\n\t\t\t\t\t<div class=\"e-con-inner\">\n\t\t<div class=\"elementor-element elementor-element-a4658d7 e-con-full e-flex e-con e-child\" data-id=\"a4658d7\" data-element_type=\"container\">\n\t\t<div class=\"elementor-element elementor-element-52ae439f e-flex e-con-boxed e-con e-child\" data-id=\"52ae439f\" data-element_type=\"container\">\n\t\t\t\t\t<div class=\"e-con-inner\">\n\t\t<div class=\"elementor-element elementor-element-7f844f58 e-flex e-con-boxed e-con e-child\" data-id=\"7f844f58\" data-element_type=\"container\">\n\t\t\t\t\t<div class=\"e-con-inner\">\n\t\t\t\t<div class=\"elementor-element elementor-element-200e84a5 elementor-widget-mobile__width-inherit elementor-invisible elementor-widget elementor-widget-image\" data-id=\"200e84a5\" data-element_type=\"widget\" data-settings=\"{&quot;_animation&quot;:&quot;fadeInUp&quot;}\" data-widget_type=\"image.default\">\n\t\t\t\t<div class=\"elementor-widget-container\">\n\t\t\t\t\t\t\t\t\t\t\t\t\t<img fetchpriority=\"high\" decoding=\"async\" width=\"2016\" height=\"1134\" src=\"https:\/\/digitalmunich.webcomplete.io\/wp-content\/uploads\/2024\/07\/VR-Application-Northern-Areas.jpeg\" class=\"attachment-full size-full wp-image-301\" alt=\"\" srcset=\"https:\/\/digitalmunich.webcomplete.io\/wp-content\/uploads\/2024\/07\/VR-Application-Northern-Areas.jpeg 2016w, https:\/\/digitalmunich.webcomplete.io\/wp-content\/uploads\/2024\/07\/VR-Application-Northern-Areas-300x169.jpeg 300w, https:\/\/digitalmunich.webcomplete.io\/wp-content\/uploads\/2024\/07\/VR-Application-Northern-Areas-1024x576.jpeg 1024w, https:\/\/digitalmunich.webcomplete.io\/wp-content\/uploads\/2024\/07\/VR-Application-Northern-Areas-768x432.jpeg 768w, https:\/\/digitalmunich.webcomplete.io\/wp-content\/uploads\/2024\/07\/VR-Application-Northern-Areas-1536x864.jpeg 1536w\" sizes=\"(max-width: 2016px) 100vw, 2016px\" \/>\t\t\t\t\t\t\t\t\t\t\t\t\t<\/div>\n\t\t\t\t<\/div>\n\t\t\t\t\t<\/div>\n\t\t\t\t<\/div>\n\t\t<div class=\"elementor-element elementor-element-168abe12 e-flex e-con-boxed e-con e-child\" data-id=\"168abe12\" data-element_type=\"container\">\n\t\t\t\t\t<div class=\"e-con-inner\">\n\t\t\t\t<div class=\"elementor-element elementor-element-19790ec3 elementor-widget-mobile__width-inherit elementor-invisible elementor-widget elementor-widget-text-editor\" data-id=\"19790ec3\" data-element_type=\"widget\" data-settings=\"{&quot;_animation&quot;:&quot;fadeInUp&quot;}\" data-widget_type=\"text-editor.default\">\n\t\t\t\t<div class=\"elementor-widget-container\">\n\t\t\t\t\t\t\t<p>Setzen Sie Ihr Oculus Quest 2 VR-Headset auf und schweben Sie \u00fcber hohe Gipfel, durchqueren Sie \u00fcppige T\u00e4ler und entdecken Sie verborgene Sch\u00e4tze. Von den alten Routen der Seidenstra\u00dfe bis hin zum ruhigen Hunza-Tal ist jeder Moment dazu bestimmt, Ihre Sinne zu fesseln und Ihr Fernweh zu entfachen.<\/p>\n<p>Wussten Sie, dass der Karakoram Highway, der auf dieser Tour besichtigt wird, oft als das achte Weltwunder bezeichnet wird? Dieses unvergleichliche virtuelle Erlebnis bietet nicht nur einen Einblick, sondern eine tiefe Verbindung zu Pakistans nat\u00fcrlicher Pracht und historischer Erhabenheit.<\/p>\n<p>Die Himalaya Panorama App wurde von der pakistanischen Botschaft in Berlin f\u00fcr die Digital Tourism Corner entwickelt.<\/p>\n<p>&#8222;Ich danke Herrn Arsalan Minhas von ganzem Herzen f\u00fcr seinen unsch\u00e4tzbaren Beitrag zur Schaffung dieser Tourismus-Ecke f\u00fcr Pakistan. Sein Einsatz an Zeit und Ressourcen hat ma\u00dfgeblich dazu beigetragen, dieses Projekt zu verwirklichen. &#8222;<\/p>\n<p>Der pakistanische Botschafter in Deutschland \u00fcber den Start der Digital Tourism Corner.<\/p>\n<p>Dieser Start ist ein wichtiger Meilenstein f\u00fcr die F\u00f6rderung des reichen pakistanischen Kulturerbes in Deutschland.<\/p>\n\t\t\t\t\t\t<\/div>\n\t\t\t\t<\/div>\n\t\t\t\t\t<\/div>\n\t\t\t\t<\/div>\n\t\t\t\t\t<\/div>\n\t\t\t\t<\/div>\n\t\t\t\t<\/div>\n\t\t\t\t\t<\/div>\n\t\t\t\t<\/div>\n\t\t<div class=\"elementor-element elementor-element-5b39f4fe e-flex e-con-boxed e-con e-parent\" data-id=\"5b39f4fe\" data-element_type=\"container\">\n\t\t\t\t\t<div class=\"e-con-inner\">\n\t\t<div class=\"elementor-element elementor-element-e061ab6 e-con-full e-flex e-con e-child\" data-id=\"e061ab6\" data-element_type=\"container\">\n\t\t\t\t<div class=\"elementor-element elementor-element-52899413 elementor-widget-mobile__width-inherit elementor-invisible elementor-widget elementor-widget-text-editor\" data-id=\"52899413\" data-element_type=\"widget\" data-settings=\"{&quot;_animation&quot;:&quot;fadeInUp&quot;}\" data-widget_type=\"text-editor.default\">\n\t\t\t\t<div class=\"elementor-widget-container\">\n\t\t\t\t\t\t\t<p>Der Digital Tourism Corner in der pakistanischen Botschaft in Berlin wurde von Botschafter Dr. Faisal mit einem denkw\u00fcrdigen Soft-Launch eingeweiht und markiert einen wichtigen Meilenstein in der F\u00f6rderung des kulturellen Austauschs und des Tourismus.<\/p>\n\t\t\t\t\t\t<\/div>\n\t\t\t\t<\/div>\n\t\t\t\t<\/div>\n\t\t<div class=\"elementor-element elementor-element-acf4d02 e-con-full e-flex elementor-invisible e-con e-child\" data-id=\"acf4d02\" data-element_type=\"container\" data-settings=\"{&quot;background_background&quot;:&quot;video&quot;,&quot;background_video_link&quot;:&quot;https:\\\/\\\/youtu.be\\\/qu5B4WTX5bg&quot;,&quot;animation&quot;:&quot;fadeIn&quot;}\">\n\t\t<div class=\"elementor-background-video-container elementor-hidden-phone\">\n\t\t\t\t\t\t\t<div class=\"elementor-background-video-embed\"><\/div>\n\t\t\t\t\t\t<\/div>\t\t<div class=\"elementor-element elementor-element-4a006ee7 elementor-invisible elementor-widget elementor-widget-elementskit-video\" data-id=\"4a006ee7\" data-element_type=\"widget\" data-settings=\"{&quot;_animation&quot;:&quot;fadeInUp&quot;}\" data-widget_type=\"elementskit-video.default\">\n\t\t\t\t<div class=\"elementor-widget-container\">\n\t\t\t<div class=\"ekit-wid-con\" >\t\t<div class=\"video-content\" data-video-player=\"[]\" data-video-setting=\"{&quot;videoVolume&quot;:&quot;horizontal&quot;,&quot;startVolume&quot;:0.8,&quot;videoType&quot;:&quot;iframe&quot;,&quot;videoClass&quot;:&quot;mfp-fade&quot;}\">\n\t\t\t\n<a class=\"ekit_icon_button ekit-video-popup ekit-video-popup-btn\" href=\"https:\/\/www.youtube.com\/embed\/qu5B4WTX5bg?feature=oembed?playlist=qu5B4WTX5bg&amp;mute=0&amp;autoplay=0&amp;loop=no&amp;controls=0&amp;start=0&amp;end=\" aria-label=\"video-popup\">\n\t\t\t\t<i aria-hidden=\"true\" class=\"icon icon-play1\"><\/i>\t\t<\/a>\n\t\t\t\t\t<\/div>\n\t\t<\/div>\t\t<\/div>\n\t\t\t\t<\/div>\n\t\t\t\t<div class=\"elementor-element elementor-element-2622ec68 elementor-invisible elementor-widget elementor-widget-heading\" data-id=\"2622ec68\" data-element_type=\"widget\" data-settings=\"{&quot;_animation&quot;:&quot;fadeInUp&quot;}\" data-widget_type=\"heading.default\">\n\t\t\t\t<div class=\"elementor-widget-container\">\n\t\t\t<h2 class=\"elementor-heading-title elementor-size-default\">Digitale Tourismusecke - Videoerkl\u00e4rung - Botschafter<\/h2>\t\t<\/div>\n\t\t\t\t<\/div>\n\t\t\t\t<\/div>\n\t\t\t\t\t<\/div>\n\t\t\t\t<\/div>\n\t\t<div class=\"elementor-element elementor-element-3c3e430 e-flex e-con-boxed e-con e-parent\" data-id=\"3c3e430\" data-element_type=\"container\">\n\t\t\t\t\t<div class=\"e-con-inner\">\n\t\t<div class=\"elementor-element elementor-element-7786585 e-con-full e-flex elementor-invisible e-con e-child\" data-id=\"7786585\" data-element_type=\"container\" data-settings=\"{&quot;background_background&quot;:&quot;video&quot;,&quot;background_video_link&quot;:&quot;https:\\\/\\\/youtu.be\\\/DC6SpR7DW3Y&quot;,&quot;animation&quot;:&quot;fadeIn&quot;}\">\n\t\t<div class=\"elementor-background-video-container elementor-hidden-phone\">\n\t\t\t\t\t\t\t<div class=\"elementor-background-video-embed\"><\/div>\n\t\t\t\t\t\t<\/div>\t\t<div class=\"elementor-element elementor-element-dfd66ed elementor-invisible elementor-widget elementor-widget-elementskit-video\" data-id=\"dfd66ed\" data-element_type=\"widget\" data-settings=\"{&quot;_animation&quot;:&quot;fadeInUp&quot;}\" data-widget_type=\"elementskit-video.default\">\n\t\t\t\t<div class=\"elementor-widget-container\">\n\t\t\t<div class=\"ekit-wid-con\" >\t\t<div class=\"video-content\" data-video-player=\"[]\" data-video-setting=\"{&quot;videoVolume&quot;:&quot;horizontal&quot;,&quot;startVolume&quot;:0.8,&quot;videoType&quot;:&quot;iframe&quot;,&quot;videoClass&quot;:&quot;mfp-fade&quot;}\">\n\t\t\t\n<a class=\"ekit_icon_button ekit-video-popup ekit-video-popup-btn\" href=\"https:\/\/www.youtube.com\/embed\/DC6SpR7DW3Y?feature=oembed?playlist=DC6SpR7DW3Y&amp;mute=0&amp;autoplay=0&amp;loop=no&amp;controls=0&amp;start=0&amp;end=\" aria-label=\"video-popup\">\n\t\t\t\t<i aria-hidden=\"true\" class=\"icon icon-play1\"><\/i>\t\t<\/a>\n\t\t\t\t\t<\/div>\n\t\t<\/div>\t\t<\/div>\n\t\t\t\t<\/div>\n\t\t\t\t<div class=\"elementor-element elementor-element-f39162b elementor-invisible elementor-widget elementor-widget-heading\" data-id=\"f39162b\" data-element_type=\"widget\" data-settings=\"{&quot;_animation&quot;:&quot;fadeInUp&quot;}\" data-widget_type=\"heading.default\">\n\t\t\t\t<div class=\"elementor-widget-container\">\n\t\t\t<h2 class=\"elementor-heading-title elementor-size-default\">Digitale Tourismusecke - Videoerkl\u00e4rung - Arsalan Minhas<\/h2>\t\t<\/div>\n\t\t\t\t<\/div>\n\t\t\t\t<\/div>\n\t\t<div class=\"elementor-element elementor-element-9a53b0d e-con-full e-flex e-con e-child\" data-id=\"9a53b0d\" data-element_type=\"container\">\n\t\t\t\t<div class=\"elementor-element elementor-element-c23d56c elementor-widget-mobile__width-inherit elementor-invisible elementor-widget elementor-widget-text-editor\" data-id=\"c23d56c\" data-element_type=\"widget\" data-settings=\"{&quot;_animation&quot;:&quot;fadeInUp&quot;}\" data-widget_type=\"text-editor.default\">\n\t\t\t\t<div class=\"elementor-widget-container\">\n\t\t\t\t\t\t\t<p>Die Ecke wurde sp\u00e4ter w\u00e4hrend des offiziellen Besuchs des pakistanischen Au\u00dfenministers in Deutschland feierlich eingeweiht und unterstreicht damit ihre Rolle bei der F\u00f6rderung tieferer Verbindungen zwischen Pakistan und internationalen Besuchern durch innovative digitale Erfahrungen.<\/p>\n\t\t\t\t\t\t<\/div>\n\t\t\t\t<\/div>\n\t\t\t\t<\/div>\n\t\t\t\t\t<\/div>\n\t\t\t\t<\/div>\n\t\t<div class=\"elementor-element elementor-element-2a035c9 e-flex e-con-boxed e-con e-parent\" data-id=\"2a035c9\" data-element_type=\"container\">\n\t\t\t\t\t<div class=\"e-con-inner\">\n\t\t<div class=\"elementor-element elementor-element-2781b85 e-con-full e-flex e-con e-child\" data-id=\"2781b85\" data-element_type=\"container\">\n\t\t\t\t<div class=\"elementor-element elementor-element-39c01d2 elementor-widget-mobile__width-inherit elementor-invisible elementor-widget elementor-widget-text-editor\" data-id=\"39c01d2\" data-element_type=\"widget\" data-settings=\"{&quot;_animation&quot;:&quot;fadeInUp&quot;}\" data-widget_type=\"text-editor.default\">\n\t\t\t\t<div class=\"elementor-widget-container\">\n\t\t\t\t\t\t\t<p>Die Digital Tourism Corner dient als wichtige Plattform f\u00fcr die pakistanische Botschaft in Deutschland, die auf Messen wie der ITB Berlin prominent vertreten ist, wo sie einem globalen Publikum die Fortschritte Pakistans im Bereich Tourismus und Technologie vorstellt.<\/p>\n\t\t\t\t\t\t<\/div>\n\t\t\t\t<\/div>\n\t\t\t\t<\/div>\n\t\t\t\t\t<\/div>\n\t\t\t\t<\/div>\n\t\t<div class=\"elementor-element elementor-element-e1742c9 e-flex e-con-boxed e-con e-parent\" data-id=\"e1742c9\" data-element_type=\"container\">\n\t\t\t\t\t<div class=\"e-con-inner\">\n\t\t\t\t<div class=\"elementor-element elementor-element-bf5a8b8 elementor-widget-divider--view-line elementor-widget elementor-widget-divider\" data-id=\"bf5a8b8\" data-element_type=\"widget\" data-widget_type=\"divider.default\">\n\t\t\t\t<div class=\"elementor-widget-container\">\n\t\t\t<style>\/*! elementor - v3.23.0 - 05-08-2024 *\/\n.elementor-widget-divider{--divider-border-style:none;--divider-border-width:1px;--divider-color:#0c0d0e;--divider-icon-size:20px;--divider-element-spacing:10px;--divider-pattern-height:24px;--divider-pattern-size:20px;--divider-pattern-url:none;--divider-pattern-repeat:repeat-x}.elementor-widget-divider .elementor-divider{display:flex}.elementor-widget-divider .elementor-divider__text{font-size:15px;line-height:1;max-width:95%}.elementor-widget-divider .elementor-divider__element{margin:0 var(--divider-element-spacing);flex-shrink:0}.elementor-widget-divider .elementor-icon{font-size:var(--divider-icon-size)}.elementor-widget-divider .elementor-divider-separator{display:flex;margin:0;direction:ltr}.elementor-widget-divider--view-line_icon .elementor-divider-separator,.elementor-widget-divider--view-line_text .elementor-divider-separator{align-items:center}.elementor-widget-divider--view-line_icon .elementor-divider-separator:after,.elementor-widget-divider--view-line_icon .elementor-divider-separator:before,.elementor-widget-divider--view-line_text .elementor-divider-separator:after,.elementor-widget-divider--view-line_text .elementor-divider-separator:before{display:block;content:\"\";border-block-end:0;flex-grow:1;border-block-start:var(--divider-border-width) var(--divider-border-style) var(--divider-color)}.elementor-widget-divider--element-align-left .elementor-divider .elementor-divider-separator>.elementor-divider__svg:first-of-type{flex-grow:0;flex-shrink:100}.elementor-widget-divider--element-align-left .elementor-divider-separator:before{content:none}.elementor-widget-divider--element-align-left .elementor-divider__element{margin-left:0}.elementor-widget-divider--element-align-right .elementor-divider .elementor-divider-separator>.elementor-divider__svg:last-of-type{flex-grow:0;flex-shrink:100}.elementor-widget-divider--element-align-right .elementor-divider-separator:after{content:none}.elementor-widget-divider--element-align-right .elementor-divider__element{margin-right:0}.elementor-widget-divider--element-align-start .elementor-divider .elementor-divider-separator>.elementor-divider__svg:first-of-type{flex-grow:0;flex-shrink:100}.elementor-widget-divider--element-align-start .elementor-divider-separator:before{content:none}.elementor-widget-divider--element-align-start .elementor-divider__element{margin-inline-start:0}.elementor-widget-divider--element-align-end .elementor-divider .elementor-divider-separator>.elementor-divider__svg:last-of-type{flex-grow:0;flex-shrink:100}.elementor-widget-divider--element-align-end .elementor-divider-separator:after{content:none}.elementor-widget-divider--element-align-end .elementor-divider__element{margin-inline-end:0}.elementor-widget-divider:not(.elementor-widget-divider--view-line_text):not(.elementor-widget-divider--view-line_icon) .elementor-divider-separator{border-block-start:var(--divider-border-width) var(--divider-border-style) var(--divider-color)}.elementor-widget-divider--separator-type-pattern{--divider-border-style:none}.elementor-widget-divider--separator-type-pattern.elementor-widget-divider--view-line .elementor-divider-separator,.elementor-widget-divider--separator-type-pattern:not(.elementor-widget-divider--view-line) .elementor-divider-separator:after,.elementor-widget-divider--separator-type-pattern:not(.elementor-widget-divider--view-line) .elementor-divider-separator:before,.elementor-widget-divider--separator-type-pattern:not([class*=elementor-widget-divider--view]) .elementor-divider-separator{width:100%;min-height:var(--divider-pattern-height);-webkit-mask-size:var(--divider-pattern-size) 100%;mask-size:var(--divider-pattern-size) 100%;-webkit-mask-repeat:var(--divider-pattern-repeat);mask-repeat:var(--divider-pattern-repeat);background-color:var(--divider-color);-webkit-mask-image:var(--divider-pattern-url);mask-image:var(--divider-pattern-url)}.elementor-widget-divider--no-spacing{--divider-pattern-size:auto}.elementor-widget-divider--bg-round{--divider-pattern-repeat:round}.rtl .elementor-widget-divider .elementor-divider__text{direction:rtl}.e-con-inner>.elementor-widget-divider,.e-con>.elementor-widget-divider{width:var(--container-widget-width,100%);--flex-grow:var(--container-widget-flex-grow)}<\/style>\t\t<div class=\"elementor-divider\">\n\t\t\t<span class=\"elementor-divider-separator\">\n\t\t\t\t\t\t<\/span>\n\t\t<\/div>\n\t\t\t\t<\/div>\n\t\t\t\t<\/div>\n\t\t\t\t\t<\/div>\n\t\t\t\t<\/div>\n\t\t\t\t<\/div>\n\t\t","protected":false},"excerpt":{"rendered":"<p>Himalaya-Panorama Begeben Sie sich auf eine unvergessliche Reise mit dem Himalaya Panorama 360\u00b0, einer virtuellen Tour, die Sie in die atemberaubende Sch\u00f6nheit Nordpakistans eintauchen l\u00e4sst. Diese Simulation verwebt eine Reihe von atemberaubenden Standbildern, die Sie in das Herz des Himalayas entf\u00fchren. Erleben Sie die reiche Geschichte und kulturelle Bedeutung dieser majest\u00e4tischen Region mit Hilfe von [&hellip;]<\/p>\n","protected":false},"author":1,"featured_media":0,"parent":381,"menu_order":0,"comment_status":"closed","ping_status":"closed","template":"","meta":{"footnotes":""},"class_list":["post-383","page","type-page","status-publish","hentry"],"_links":{"self":[{"href":"https:\/\/digitalmunich.webcomplete.io\/de\/wp-json\/wp\/v2\/pages\/383"}],"collection":[{"href":"https:\/\/digitalmunich.webcomplete.io\/de\/wp-json\/wp\/v2\/pages"}],"about":[{"href":"https:\/\/digitalmunich.webcomplete.io\/de\/wp-json\/wp\/v2\/types\/page"}],"author":[{"embeddable":true,"href":"https:\/\/digitalmunich.webcomplete.io\/de\/wp-json\/wp\/v2\/users\/1"}],"replies":[{"embeddable":true,"href":"https:\/\/digitalmunich.webcomplete.io\/de\/wp-json\/wp\/v2\/comments?post=383"}],"version-history":[{"count":1,"href":"https:\/\/digitalmunich.webcomplete.io\/de\/wp-json\/wp\/v2\/pages\/383\/revisions"}],"predecessor-version":[{"id":384,"href":"https:\/\/digitalmunich.webcomplete.io\/de\/wp-json\/wp\/v2\/pages\/383\/revisions\/384"}],"up":[{"embeddable":true,"href":"https:\/\/digitalmunich.webcomplete.io\/de\/wp-json\/wp\/v2\/pages\/381"}],"wp:attachment":[{"href":"https:\/\/digitalmunich.webcomplete.io\/de\/wp-json\/wp\/v2\/media?parent=383"}],"curies":[{"name":"wp","href":"https:\/\/api.w.org\/{rel}","templated":true}]}}